{"id":1299,"date":"2024-12-18T19:57:18","date_gmt":"2024-12-18T18:57:18","guid":{"rendered":"https:\/\/fonemcor.com\/?page_id=1299"},"modified":"2025-02-18T15:42:20","modified_gmt":"2025-02-18T14:42:20","slug":"ahorro-new","status":"publish","type":"page","link":"https:\/\/fonemcor.com\/index.php\/ahorro-new\/","title":{"rendered":"Ahorro-new"},"content":{"rendered":"\t\t<div data-elementor-type=\"wp-page\" data-elementor-id=\"1299\" class=\"elementor elementor-1299\" data-elementor-post-type=\"page\">\n\t\t\t\t\t\t<section class=\"elementor-section elementor-top-section elementor-element elementor-element-d1fb112 elementor-section-boxed elementor-section-height-default elementor-section-height-default\" data-id=\"d1fb112\" data-element_type=\"section\">\n\t\t\t\t\t\t<div class=\"elementor-container elementor-column-gap-default\">\n\t\t\t\t\t<div class=\"elementor-column elementor-col-100 elementor-top-column elementor-element elementor-element-3fe8e3b\" data-id=\"3fe8e3b\" data-element_type=\"column\">\n\t\t\t<div class=\"elementor-widget-wrap elementor-element-populated\">\n\t\t\t\t\t\t<div class=\"elementor-element elementor-element-9b54fb4 elementor-widget elementor-widget-spacer\" data-id=\"9b54fb4\" data-element_type=\"widget\" data-widget_type=\"spacer.default\">\n\t\t\t\t<div class=\"elementor-widget-container\">\n\t\t\t\t\t\t\t<div class=\"elementor-spacer\">\n\t\t\t<div class=\"elementor-spacer-inner\"><\/div>\n\t\t<\/div>\n\t\t\t\t\t\t<\/div>\n\t\t\t\t<\/div>\n\t\t\t\t\t<\/div>\n\t\t<\/div>\n\t\t\t\t\t<\/div>\n\t\t<\/section>\n\t\t\t\t<section class=\"elementor-section elementor-top-section elementor-element elementor-element-fe64c62 elementor-section-boxed elementor-section-height-default elementor-section-height-default\" data-id=\"fe64c62\" data-element_type=\"section\">\n\t\t\t\t\t\t<div class=\"elementor-container elementor-column-gap-default\">\n\t\t\t\t\t<div class=\"elementor-column elementor-col-100 elementor-top-column elementor-element elementor-element-c90ec08\" data-id=\"c90ec08\" data-element_type=\"column\">\n\t\t\t<div class=\"elementor-widget-wrap elementor-element-populated\">\n\t\t\t\t\t\t<div class=\"elementor-element elementor-element-10fa974 elementor--h-position-center elementor--v-position-middle elementor-arrows-position-inside elementor-widget elementor-widget-slides\" data-id=\"10fa974\" data-element_type=\"widget\" data-settings=\"{&quot;transition_speed&quot;:1500,&quot;navigation&quot;:&quot;arrows&quot;,&quot;autoplay_speed&quot;:2800,&quot;autoplay&quot;:&quot;yes&quot;,&quot;pause_on_hover&quot;:&quot;yes&quot;,&quot;pause_on_interaction&quot;:&quot;yes&quot;,&quot;infinite&quot;:&quot;yes&quot;,&quot;transition&quot;:&quot;slide&quot;}\" data-widget_type=\"slides.default\">\n\t\t\t\t<div class=\"elementor-widget-container\">\n\t\t\t\t\t\t\t<div class=\"elementor-swiper\">\n\t\t\t<div class=\"elementor-slides-wrapper elementor-main-swiper swiper-container\" dir=\"ltr\" data-animation=\"fadeInDown\">\n\t\t\t\t<div class=\"swiper-wrapper elementor-slides\">\n\t\t\t\t\t\t\t\t\t\t<div class=\"elementor-repeater-item-2d5b843 swiper-slide\"><div class=\"swiper-slide-bg\" role=\"img\"><\/div><a class=\"swiper-slide-inner\" href=\"https:\/\/fonemcor.com\/simulador\/\"><div class=\"swiper-slide-contents\"><div class=\"elementor-slide-heading\">Tasas de Inter\u00e9s Competitivas del 0.9% al 1.7% para Asociados<\/div><div  class=\"elementor-button elementor-slide-button elementor-size-sm\">Simulador de Cr\u00e9dito<\/div><\/div><\/a><\/div><div class=\"elementor-repeater-item-0860ca5 swiper-slide\"><div class=\"swiper-slide-bg\" role=\"img\"><\/div><a class=\"swiper-slide-inner\" href=\"https:\/\/fonemcor.com\/simulador\/\"><div class=\"swiper-slide-contents\"><div class=\"elementor-slide-heading\">Adelanto de N\u00f3mina: Tasa al 0.9%<\/div><div  class=\"elementor-button elementor-slide-button elementor-size-sm\">Simulador de Cr\u00e9dito<\/div><\/div><\/a><\/div><div class=\"elementor-repeater-item-00d50e7 swiper-slide\"><div class=\"swiper-slide-bg\" role=\"img\"><\/div><a class=\"swiper-slide-inner\" href=\"https:\/\/fonemcor.com\/simulador\/\"><div class=\"swiper-slide-contents\"><div class=\"elementor-slide-heading\">Cr\u00e9dito Libre Destino Asociado: Tasa al 1.7%<\/div><div  class=\"elementor-button elementor-slide-button elementor-size-sm\">Simulador de Cr\u00e9dito<\/div><\/div><\/a><\/div><div class=\"elementor-repeater-item-4fca90c swiper-slide\"><div class=\"swiper-slide-bg\" role=\"img\"><\/div><a class=\"swiper-slide-inner\" href=\"https:\/\/fonemcor.com\/simulador\/\"><div class=\"swiper-slide-contents\"><div class=\"elementor-slide-heading\">Cr\u00e9dito Educativo: Tasa al 1%<\/div><div  class=\"elementor-button elementor-slide-button elementor-size-sm\">Simulador de Cr\u00e9dito<\/div><\/div><\/a><\/div><div class=\"elementor-repeater-item-2d8dc56 swiper-slide\"><div class=\"swiper-slide-bg\" role=\"img\"><\/div><div class=\"swiper-slide-inner\" ><div class=\"swiper-slide-contents\"><div class=\"elementor-slide-heading\">Cr\u00e9dito Prima Causada: Tasa al 1.7%<\/div><div  class=\"elementor-button elementor-slide-button elementor-size-sm\">Simulador de Cr\u00e9dito<\/div><\/div><\/div><\/div>\t\t\t\t<\/div>\n\t\t\t\t\t\t\t\t\t\t\t\t\t\t\t\t\t\t\t\t<div class=\"elementor-swiper-button elementor-swiper-button-prev\" role=\"button\" tabindex=\"0\">\n\t\t\t\t\t\t\t<i aria-hidden=\"true\" class=\"eicon-chevron-left\"><\/i>\t\t\t\t\t\t\t<span class=\"elementor-screen-only\">Previous slide<\/span>\n\t\t\t\t\t\t<\/div>\n\t\t\t\t\t\t<div class=\"elementor-swiper-button elementor-swiper-button-next\" role=\"button\" tabindex=\"0\">\n\t\t\t\t\t\t\t<i aria-hidden=\"true\" class=\"eicon-chevron-right\"><\/i>\t\t\t\t\t\t\t<span class=\"elementor-screen-only\">Next slide<\/span>\n\t\t\t\t\t\t<\/div>\n\t\t\t\t\t\t\t\t\t\t\t\t<\/div>\n\t\t<\/div>\n\t\t\t\t\t\t<\/div>\n\t\t\t\t<\/div>\n\t\t\t\t\t<\/div>\n\t\t<\/div>\n\t\t\t\t\t<\/div>\n\t\t<\/section>\n\t\t\t\t<section class=\"elementor-section elementor-top-section elementor-element elementor-element-jx9yn43 elementor-section-boxed elementor-section-height-default elementor-section-height-default\" data-id=\"jx9yn43\" data-element_type=\"section\">\n\t\t\t\t\t\t<div class=\"elementor-container elementor-column-gap-default\">\n\t\t\t\t\t<div class=\"elementor-column elementor-col-100 elementor-top-column elementor-element elementor-element-4ttgrk6\" data-id=\"4ttgrk6\" data-element_type=\"column\">\n\t\t\t<div class=\"elementor-widget-wrap elementor-element-populated\">\n\t\t\t\t\t\t<section class=\"elementor-section elementor-inner-section elementor-element elementor-element-6e0p0kt elementor-section-boxed elementor-section-height-default elementor-section-height-default\" data-id=\"6e0p0kt\" data-element_type=\"section\">\n\t\t\t\t\t\t<div class=\"elementor-container elementor-column-gap-default\">\n\t\t\t\t\t<div class=\"elementor-column elementor-col-33 elementor-inner-column elementor-element elementor-element-6sewpwx\" data-id=\"6sewpwx\" data-element_type=\"column\">\n\t\t\t<div class=\"elementor-widget-wrap\">\n\t\t\t\t\t\t\t<\/div>\n\t\t<\/div>\n\t\t\t\t<div class=\"elementor-column elementor-col-33 elementor-inner-column elementor-element elementor-element-9lkve5i\" data-id=\"9lkve5i\" data-element_type=\"column\">\n\t\t\t<div class=\"elementor-widget-wrap elementor-element-populated\">\n\t\t\t\t\t\t<div class=\"elementor-element elementor-element-euebb6i elementor-invisible elementor-widget elementor-widget-text-editor\" data-id=\"euebb6i\" data-element_type=\"widget\" data-settings=\"{&quot;_animation&quot;:&quot;fadeIn&quot;}\" data-widget_type=\"text-editor.default\">\n\t\t\t\t<div class=\"elementor-widget-container\">\n\t\t\t\t\t\t\t\t\t<p>La filosof\u00eda de FONEMCOR promueve el mejoramiento de la calidad de vida de sus asociados. Para cumplir con este objetivo desarrolla servicios de ahorro que tienden a facilitar necesidades econ\u00f3micas de los empleados de la Corporaci\u00f3n Aut\u00f3noma Regional del Tolima.<\/p>\t\t\t\t\t\t\t\t<\/div>\n\t\t\t\t<\/div>\n\t\t\t\t\t<\/div>\n\t\t<\/div>\n\t\t\t\t<div class=\"elementor-column elementor-col-33 elementor-inner-column elementor-element elementor-element-f3bre3j\" data-id=\"f3bre3j\" data-element_type=\"column\">\n\t\t\t<div class=\"elementor-widget-wrap\">\n\t\t\t\t\t\t\t<\/div>\n\t\t<\/div>\n\t\t\t\t\t<\/div>\n\t\t<\/section>\n\t\t\t\t<div class=\"elementor-element elementor-element-fwy4ywn elementor-widget elementor-widget-spacer\" data-id=\"fwy4ywn\" data-element_type=\"widget\" data-widget_type=\"spacer.default\">\n\t\t\t\t<div class=\"elementor-widget-container\">\n\t\t\t\t\t\t\t<div class=\"elementor-spacer\">\n\t\t\t<div class=\"elementor-spacer-inner\"><\/div>\n\t\t<\/div>\n\t\t\t\t\t\t<\/div>\n\t\t\t\t<\/div>\n\t\t\t\t\t<\/div>\n\t\t<\/div>\n\t\t\t\t\t<\/div>\n\t\t<\/section>\n\t\t\t\t<section class=\"elementor-section elementor-top-section elementor-element elementor-element-f827fe9 elementor-section-boxed elementor-section-height-default elementor-section-height-default\" data-id=\"f827fe9\" data-element_type=\"section\">\n\t\t\t\t\t\t<div class=\"elementor-container elementor-column-gap-wider\">\n\t\t\t\t\t<div class=\"elementor-column elementor-col-33 elementor-top-column elementor-element elementor-element-ddc9a68\" data-id=\"ddc9a68\" data-element_type=\"column\">\n\t\t\t<div class=\"elementor-widget-wrap elementor-element-populated\">\n\t\t\t\t\t\t<div class=\"elementor-element elementor-element-1653b68 elementor-position-top elementor-widget elementor-widget-image-box\" data-id=\"1653b68\" data-element_type=\"widget\" data-widget_type=\"image-box.default\">\n\t\t\t\t<div class=\"elementor-widget-container\">\n\t\t\t\t\t<div class=\"elementor-image-box-wrapper\"><figure class=\"elementor-image-box-img\"><img fetchpriority=\"high\" decoding=\"async\" width=\"300\" height=\"200\" src=\"https:\/\/fonemcor.com\/wp-content\/uploads\/2019\/08\/ahorro_permanente-300x200.jpg\" class=\"attachment-medium size-medium wp-image-503\" alt=\"\" srcset=\"https:\/\/fonemcor.com\/wp-content\/uploads\/2019\/08\/ahorro_permanente-300x200.jpg 300w, https:\/\/fonemcor.com\/wp-content\/uploads\/2019\/08\/ahorro_permanente.jpg 393w\" sizes=\"(max-width: 300px) 100vw, 300px\" \/><\/figure><div class=\"elementor-image-box-content\"><h3 class=\"elementor-image-box-title\">Ahorro Permanente o Aporte<\/h3><p class=\"elementor-image-box-description\">Es la cuota fija obligatoria ya sea quincenal o mensual que aporta el asociado para pertenecer a esta entidad. Se constituye en un ahorro porque al momento de retirarse definitivamente de FONEMCOR, se le devuelve el monto ahorrado durante su estancia en el fondo.<\/p><\/div><\/div>\t\t\t\t<\/div>\n\t\t\t\t<\/div>\n\t\t\t\t\t<\/div>\n\t\t<\/div>\n\t\t\t\t<div class=\"elementor-column elementor-col-33 elementor-top-column elementor-element elementor-element-1f87ee9\" data-id=\"1f87ee9\" data-element_type=\"column\">\n\t\t\t<div class=\"elementor-widget-wrap elementor-element-populated\">\n\t\t\t\t\t\t<div class=\"elementor-element elementor-element-0e73055 elementor-position-top elementor-widget elementor-widget-image-box\" data-id=\"0e73055\" data-element_type=\"widget\" data-widget_type=\"image-box.default\">\n\t\t\t\t<div class=\"elementor-widget-container\">\n\t\t\t\t\t<div class=\"elementor-image-box-wrapper\"><figure class=\"elementor-image-box-img\"><img decoding=\"async\" width=\"390\" height=\"262\" src=\"https:\/\/fonemcor.com\/wp-content\/uploads\/2019\/08\/ahorro_navidad.jpg\" class=\"attachment-full size-full wp-image-505\" alt=\"\" srcset=\"https:\/\/fonemcor.com\/wp-content\/uploads\/2019\/08\/ahorro_navidad.jpg 390w, https:\/\/fonemcor.com\/wp-content\/uploads\/2019\/08\/ahorro_navidad-300x202.jpg 300w\" sizes=\"(max-width: 390px) 100vw, 390px\" \/><\/figure><div class=\"elementor-image-box-content\"><h3 class=\"elementor-image-box-title\">Ahorro Navide\u00f1o<\/h3><p class=\"elementor-image-box-description\">Todos los asociados son sujetos de este beneficio, y son libres de escoger el valor que desean ahorrar por deducci\u00f3n de nomina. El valor agregado de este tipo de ahorro es que brinda la posibilidad de recibir intereses por el tiempo en que permanezca en \u00e9l. El beneficiario tendr\u00e1 la libertad de retirar su dinero en el momento que lo desee o as\u00ed lo requiera.<\/p><\/div><\/div>\t\t\t\t<\/div>\n\t\t\t\t<\/div>\n\t\t\t\t\t<\/div>\n\t\t<\/div>\n\t\t\t\t<div class=\"elementor-column elementor-col-33 elementor-top-column elementor-element elementor-element-a8f33ad\" data-id=\"a8f33ad\" data-element_type=\"column\">\n\t\t\t<div class=\"elementor-widget-wrap elementor-element-populated\">\n\t\t\t\t\t\t<div class=\"elementor-element elementor-element-887f951 elementor-position-top elementor-widget elementor-widget-image-box\" data-id=\"887f951\" data-element_type=\"widget\" data-widget_type=\"image-box.default\">\n\t\t\t\t<div class=\"elementor-widget-container\">\n\t\t\t\t\t<div class=\"elementor-image-box-wrapper\"><figure class=\"elementor-image-box-img\"><img decoding=\"async\" width=\"390\" height=\"254\" src=\"https:\/\/fonemcor.com\/wp-content\/uploads\/2019\/08\/ahorro_turismo.jpg\" class=\"attachment-full size-full wp-image-507\" alt=\"\" srcset=\"https:\/\/fonemcor.com\/wp-content\/uploads\/2019\/08\/ahorro_turismo.jpg 390w, https:\/\/fonemcor.com\/wp-content\/uploads\/2019\/08\/ahorro_turismo-300x195.jpg 300w\" sizes=\"(max-width: 390px) 100vw, 390px\" \/><\/figure><div class=\"elementor-image-box-content\"><h3 class=\"elementor-image-box-title\">Ahorro de Turismo<\/h3><p class=\"elementor-image-box-description\">Para esta categor\u00eda el socio decide el tiempo que quiere hacer este ahorro, teniendo como plazo y monto m\u00ednimo 3 meses y -un salario mensual legal vigente, respectivamente.\n\nPara efectos de su cumplimiento el afiliado debe firmar un acta de compromiso con FONEMCOR estipulando el tiempo que planea dejar sus ahorros. Para retirar el dinero antes de la fecha planteada, debe hacer la solicitud con 15 d\u00edas de anticipaci\u00f3n y el inter\u00e9s pactado cambiar\u00e1 seg\u00fan el tiempo.<\/p><\/div><\/div>\t\t\t\t<\/div>\n\t\t\t\t<\/div>\n\t\t\t\t\t<\/div>\n\t\t<\/div>\n\t\t\t\t\t<\/div>\n\t\t<\/section>\n\t\t\t\t<section class=\"elementor-section elementor-top-section elementor-element elementor-element-0d56495 elementor-section-boxed elementor-section-height-default elementor-section-height-default\" data-id=\"0d56495\" data-element_type=\"section\">\n\t\t\t\t\t\t<div class=\"elementor-container elementor-column-gap-default\">\n\t\t\t\t\t<div class=\"elementor-column elementor-col-33 elementor-top-column elementor-element elementor-element-99ca5d5\" data-id=\"99ca5d5\" data-element_type=\"column\">\n\t\t\t<div class=\"elementor-widget-wrap elementor-element-populated\">\n\t\t\t\t\t\t\t<\/div>\n\t\t<\/div>\n\t\t\t\t<div class=\"elementor-column elementor-col-33 elementor-top-column elementor-element elementor-element-1b120cd\" data-id=\"1b120cd\" data-element_type=\"column\">\n\t\t\t<div class=\"elementor-widget-wrap elementor-element-populated\">\n\t\t\t\t\t\t\t<\/div>\n\t\t<\/div>\n\t\t\t\t<div class=\"elementor-column elementor-col-33 elementor-top-column elementor-element elementor-element-bb9fa47\" data-id=\"bb9fa47\" data-element_type=\"column\">\n\t\t\t<div class=\"elementor-widget-wrap elementor-element-populated\">\n\t\t\t\t\t\t\t<\/div>\n\t\t<\/div>\n\t\t\t\t\t<\/div>\n\t\t<\/section>\n\t\t\t\t<\/div>\n\t\t","protected":false},"excerpt":{"rendered":"<p>Tasas de Inter\u00e9s Competitivas del 0.9% al 1.7% para AsociadosSimulador de Cr\u00e9ditoAdelanto de N\u00f3mina: Tasa al 0.9%Simulador de Cr\u00e9ditoCr\u00e9dito Libre Destino Asociado: Tasa al 1.7%Simulador de Cr\u00e9ditoCr\u00e9dito Educativo: Tasa al 1%Simulador de Cr\u00e9ditoCr\u00e9dito Prima Causada: Tasa al 1.7%Simulador de Cr\u00e9dito Previous slide Next slide La filosof\u00eda de FONEMCOR promueve el mejoramiento de la calidad de [&hellip;]<\/p>\n","protected":false},"author":2,"featured_media":0,"parent":0,"menu_order":0,"comment_status":"closed","ping_status":"closed","template":"","meta":{"site-sidebar-layout":"no-sidebar","site-content-layout":"page-builder","ast-site-content-layout":"default","site-content-style":"default","site-sidebar-style":"default","ast-global-header-display":"","ast-banner-title-visibility":"","ast-main-header-display":"","ast-hfb-above-header-display":"","ast-hfb-below-header-display":"","ast-hfb-mobile-header-display":"","site-post-title":"disabled","ast-breadcrumbs-content":"","ast-featured-img":"disabled","footer-sml-layout":"","theme-transparent-header-meta":"default","adv-header-id-meta":"","stick-header-meta":"","header-above-stick-meta":"","header-main-stick-meta":"","header-below-stick-meta":"","astra-migrate-meta-layouts":"default","ast-page-background-enabled":"default","ast-page-background-meta":{"desktop":{"background-color":"","background-image":"","background-repeat":"repeat","background-position":"center center","background-size":"auto","background-attachment":"scroll","background-type":"","background-media":"","overlay-type":"","overlay-color":"","overlay-opacity":"","overlay-gradient":""},"tablet":{"background-color":"","background-image":"","background-repeat":"repeat","background-position":"center center","background-size":"auto","background-attachment":"scroll","background-type":"","background-media":"","overlay-type":"","overlay-color":"","overlay-opacity":"","overlay-gradient":""},"mobile":{"background-color":"","background-image":"","background-repeat":"repeat","background-position":"center center","background-size":"auto","background-attachment":"scroll","background-type":"","background-media":"","overlay-type":"","overlay-color":"","overlay-opacity":"","overlay-gradient":""}},"ast-content-background-meta":{"desktop":{"background-color":"var(--ast-global-color-5)","background-image":"","background-repeat":"repeat","background-position":"center center","background-size":"auto","background-attachment":"scroll","background-type":"","background-media":"","overlay-type":"","overlay-color":"","overlay-opacity":"","overlay-gradient":""},"tablet":{"background-color":"var(--ast-global-color-5)","background-image":"","background-repeat":"repeat","background-position":"center center","background-size":"auto","background-attachment":"scroll","background-type":"","background-media":"","overlay-type":"","overlay-color":"","overlay-opacity":"","overlay-gradient":""},"mobile":{"background-color":"var(--ast-global-color-5)","background-image":"","background-repeat":"repeat","background-position":"center center","background-size":"auto","background-attachment":"scroll","background-type":"","background-media":"","overlay-type":"","overlay-color":"","overlay-opacity":"","overlay-gradient":""}},"footnotes":""},"class_list":["post-1299","page","type-page","status-publish","hentry"],"_links":{"self":[{"href":"https:\/\/fonemcor.com\/index.php\/wp-json\/wp\/v2\/pages\/1299","targetHints":{"allow":["GET"]}}],"collection":[{"href":"https:\/\/fonemcor.com\/index.php\/wp-json\/wp\/v2\/pages"}],"about":[{"href":"https:\/\/fonemcor.com\/index.php\/wp-json\/wp\/v2\/types\/page"}],"author":[{"embeddable":true,"href":"https:\/\/fonemcor.com\/index.php\/wp-json\/wp\/v2\/users\/2"}],"replies":[{"embeddable":true,"href":"https:\/\/fonemcor.com\/index.php\/wp-json\/wp\/v2\/comments?post=1299"}],"version-history":[{"count":60,"href":"https:\/\/fonemcor.com\/index.php\/wp-json\/wp\/v2\/pages\/1299\/revisions"}],"predecessor-version":[{"id":2414,"href":"https:\/\/fonemcor.com\/index.php\/wp-json\/wp\/v2\/pages\/1299\/revisions\/2414"}],"wp:attachment":[{"href":"https:\/\/fonemcor.com\/index.php\/wp-json\/wp\/v2\/media?parent=1299"}],"curies":[{"name":"wp","href":"https:\/\/api.w.org\/{rel}","templated":true}]}}