{"id":325,"date":"2017-09-14T10:43:12","date_gmt":"2017-09-14T10:43:12","guid":{"rendered":"https:\/\/websitedemos.net\/co-working-space-elementor\/?page_id=8"},"modified":"2019-09-11T22:29:08","modified_gmt":"2019-09-11T20:29:08","slug":"nosotros","status":"publish","type":"page","link":"https:\/\/fonemcor.com\/index.php\/nosotros\/","title":{"rendered":"Nosotros"},"content":{"rendered":"\t\t<div data-elementor-type=\"wp-post\" data-elementor-id=\"325\" class=\"elementor elementor-325\" data-elementor-post-type=\"page\">\n\t\t\t\t\t\t<section class=\"elementor-section elementor-top-section elementor-element elementor-element-qxeig4h elementor-section-stretched elementor-section-boxed elementor-section-height-default elementor-section-height-default\" data-id=\"qxeig4h\" data-element_type=\"section\" data-settings=\"{&quot;stretch_section&quot;:&quot;section-stretched&quot;,&quot;background_background&quot;:&quot;classic&quot;}\">\n\t\t\t\t\t\t\t<div class=\"elementor-background-overlay\"><\/div>\n\t\t\t\t\t\t\t<div class=\"elementor-container elementor-column-gap-default\">\n\t\t\t\t\t<div class=\"elementor-column elementor-col-100 elementor-top-column elementor-element elementor-element-4ehmhme\" data-id=\"4ehmhme\" data-element_type=\"column\">\n\t\t\t<div class=\"elementor-widget-wrap elementor-element-populated\">\n\t\t\t\t\t\t<div class=\"elementor-element elementor-element-qpes912 elementor-widget elementor-widget-spacer\" data-id=\"qpes912\" data-element_type=\"widget\" data-widget_type=\"spacer.default\">\n\t\t\t\t<div class=\"elementor-widget-container\">\n\t\t\t\t\t\t\t<div class=\"elementor-spacer\">\n\t\t\t<div class=\"elementor-spacer-inner\"><\/div>\n\t\t<\/div>\n\t\t\t\t\t\t<\/div>\n\t\t\t\t<\/div>\n\t\t\t\t<div class=\"elementor-element elementor-element-wo9f2zx elementor-widget elementor-widget-heading\" data-id=\"wo9f2zx\" data-element_type=\"widget\" data-widget_type=\"heading.default\">\n\t\t\t\t<div class=\"elementor-widget-container\">\n\t\t\t\t\t<h1 class=\"elementor-heading-title elementor-size-default\">Sobre FONEMCOR<\/h1>\t\t\t\t<\/div>\n\t\t\t\t<\/div>\n\t\t\t\t<div class=\"elementor-element elementor-element-f56z090 elementor-widget elementor-widget-spacer\" data-id=\"f56z090\" data-element_type=\"widget\" data-widget_type=\"spacer.default\">\n\t\t\t\t<div class=\"elementor-widget-container\">\n\t\t\t\t\t\t\t<div class=\"elementor-spacer\">\n\t\t\t<div class=\"elementor-spacer-inner\"><\/div>\n\t\t<\/div>\n\t\t\t\t\t\t<\/div>\n\t\t\t\t<\/div>\n\t\t\t\t\t<\/div>\n\t\t<\/div>\n\t\t\t\t\t<\/div>\n\t\t<\/section>\n\t\t\t\t<section class=\"elementor-section elementor-top-section elementor-element elementor-element-0fhkp34 elementor-section-stretched elementor-section-boxed elementor-section-height-default elementor-section-height-default\" data-id=\"0fhkp34\" data-element_type=\"section\" data-settings=\"{&quot;stretch_section&quot;:&quot;section-stretched&quot;}\">\n\t\t\t\t\t\t<div class=\"elementor-container elementor-column-gap-default\">\n\t\t\t\t\t<div class=\"elementor-column elementor-col-100 elementor-top-column elementor-element elementor-element-ostv624\" data-id=\"ostv624\" data-element_type=\"column\">\n\t\t\t<div class=\"elementor-widget-wrap elementor-element-populated\">\n\t\t\t\t\t\t<div class=\"elementor-element elementor-element-67cb247 elementor-widget elementor-widget-spacer\" data-id=\"67cb247\" data-element_type=\"widget\" data-widget_type=\"spacer.default\">\n\t\t\t\t<div class=\"elementor-widget-container\">\n\t\t\t\t\t\t\t<div class=\"elementor-spacer\">\n\t\t\t<div class=\"elementor-spacer-inner\"><\/div>\n\t\t<\/div>\n\t\t\t\t\t\t<\/div>\n\t\t\t\t<\/div>\n\t\t\t\t\t<\/div>\n\t\t<\/div>\n\t\t\t\t\t<\/div>\n\t\t<\/section>\n\t\t\t\t<section class=\"elementor-section elementor-top-section elementor-element elementor-element-c632a42 elementor-section-boxed elementor-section-height-default elementor-section-height-default\" data-id=\"c632a42\" data-element_type=\"section\">\n\t\t\t\t\t\t<div class=\"elementor-container elementor-column-gap-default\">\n\t\t\t\t\t<div class=\"elementor-column elementor-col-100 elementor-top-column elementor-element elementor-element-963fcf9\" data-id=\"963fcf9\" data-element_type=\"column\">\n\t\t\t<div class=\"elementor-widget-wrap elementor-element-populated\">\n\t\t\t\t\t\t<div class=\"elementor-element elementor-element-1c915c9 elementor-widget elementor-widget-heading\" data-id=\"1c915c9\" data-element_type=\"widget\" data-widget_type=\"heading.default\">\n\t\t\t\t<div class=\"elementor-widget-container\">\n\t\t\t\t\t<h2 class=\"elementor-heading-title elementor-size-default\">HISTORIA<\/h2>\t\t\t\t<\/div>\n\t\t\t\t<\/div>\n\t\t\t\t\t<\/div>\n\t\t<\/div>\n\t\t\t\t\t<\/div>\n\t\t<\/section>\n\t\t\t\t<section class=\"elementor-section elementor-top-section elementor-element elementor-element-9f93fec elementor-section-boxed elementor-section-height-default elementor-section-height-default\" data-id=\"9f93fec\" data-element_type=\"section\">\n\t\t\t\t\t\t<div class=\"elementor-container elementor-column-gap-default\">\n\t\t\t\t\t<div class=\"elementor-column elementor-col-100 elementor-top-column elementor-element elementor-element-e0cd427\" data-id=\"e0cd427\" data-element_type=\"column\">\n\t\t\t<div class=\"elementor-widget-wrap elementor-element-populated\">\n\t\t\t\t\t\t<div class=\"elementor-element elementor-element-a722bbb elementor-widget elementor-widget-text-editor\" data-id=\"a722bbb\" data-element_type=\"widget\" data-widget_type=\"text-editor.default\">\n\t\t\t\t<div class=\"elementor-widget-container\">\n\t\t\t\t\t\t\t\t\t<p>El Fondo de Empleados de la Corporaci\u00f3n Aut\u00f3noma Regional del Tolima, Fonemcor, fue constituido mediante acta de reuni\u00f3n del 15 de enero de 1986 y reconocido por el Departamento Administrativo Nacional de Cooperativas \u2013 Dancoop, seg\u00fan resoluci\u00f3n No. 1095 del a 1 de julio del mismo a\u00f1o, en la ciudad de Ibagu\u00e9. Todo esto con la participaci\u00f3n de un grupo de 28 empleados (personal administrativo y t\u00e9cnico).<\/p><p>Fonemcor, es una empresa con car\u00e1cter asociativo de derecho privado, sin \u00e1nimo de lucro y perteneciente al gremio de las organizaciones solidarias de econom\u00eda social; que empez\u00f3 por la iniciativa del Doctor Humberto Hern\u00e1ndez, quien con la ayuda de la Junta Directiva y de la Asamblea General, dan creaci\u00f3n a esta organizaci\u00f3n con la idea de satisfacer necesidades, que mediante su esfuerzo dan a conocer un futuro despejado y colmado de oportunidades.<\/p><p>Gracias a la gesti\u00f3n, hoy se puede afirmar que, el Fondo de Empleados de la Corporaci\u00f3n Aut\u00f3noma Regional del Tolima, hace 21 a\u00f1os est\u00e1 desarrollando la idea que surgi\u00f3 de satisfacer las necesidades de sus clientes; resaltando que inici\u00f3 con 28 asociados y actualmente cuenta con 60.<\/p><p>El capital social inicial fue de Ciento Diecis\u00e9is Mil ($116.000), hoy asciende a la suma de Quince Millones de Pesos ($15.000.000) as\u00ed mismo se han incrementado los convenios con proveedores y su flujo econ\u00f3mico ha ido mejorando progresivamente; por ende su duraci\u00f3n es de car\u00e1cter indefinido, sin embargo se podr\u00e1 disolver y liquidar cuando se presenten las causales que para el efecto establece la legislaci\u00f3n vigente y sus estatutos.<\/p><p>Fonemcor es el fondo de empleados de la Corporaci\u00f3n Aut\u00f3noma Regional del Tolima creado con el prop\u00f3sito de colaborar con el mejoramiento de la calidad de vida de sus asociados a trav\u00e9s de posibilidades de ahorro, cr\u00e9dito, descuentos con proveedores adscritos, entre otros. Igualmente es una entidad que promueve la integraci\u00f3n entre los empleados de la corporaci\u00f3n.<\/p>\t\t\t\t\t\t\t\t<\/div>\n\t\t\t\t<\/div>\n\t\t\t\t\t<\/div>\n\t\t<\/div>\n\t\t\t\t\t<\/div>\n\t\t<\/section>\n\t\t\t\t<section class=\"elementor-section elementor-top-section elementor-element elementor-element-r29zos6 elementor-section-stretched elementor-section-boxed elementor-section-height-default elementor-section-height-default\" data-id=\"r29zos6\" data-element_type=\"section\" data-settings=\"{&quot;stretch_section&quot;:&quot;section-stretched&quot;}\">\n\t\t\t\t\t\t<div class=\"elementor-container elementor-column-gap-default\">\n\t\t\t\t\t<div class=\"elementor-column elementor-col-100 elementor-top-column elementor-element elementor-element-9ibwlhu\" data-id=\"9ibwlhu\" data-element_type=\"column\">\n\t\t\t<div class=\"elementor-widget-wrap\">\n\t\t\t\t\t\t\t<\/div>\n\t\t<\/div>\n\t\t\t\t\t<\/div>\n\t\t<\/section>\n\t\t\t\t<section class=\"elementor-section elementor-top-section elementor-element elementor-element-kvc9kxs elementor-section-stretched elementor-section-boxed elementor-section-height-default elementor-section-height-default\" data-id=\"kvc9kxs\" data-element_type=\"section\" data-settings=\"{&quot;stretch_section&quot;:&quot;section-stretched&quot;,&quot;background_background&quot;:&quot;classic&quot;}\">\n\t\t\t\t\t\t<div class=\"elementor-container elementor-column-gap-default\">\n\t\t\t\t\t<div class=\"elementor-column elementor-col-100 elementor-top-column elementor-element elementor-element-v9cp09j\" data-id=\"v9cp09j\" data-element_type=\"column\">\n\t\t\t<div class=\"elementor-widget-wrap elementor-element-populated\">\n\t\t\t\t\t\t<section class=\"elementor-section elementor-inner-section elementor-element elementor-element-wrltmmz elementor-section-boxed elementor-section-height-default elementor-section-height-default\" data-id=\"wrltmmz\" data-element_type=\"section\">\n\t\t\t\t\t\t<div class=\"elementor-container elementor-column-gap-default\">\n\t\t\t\t\t<div class=\"elementor-column elementor-col-33 elementor-inner-column elementor-element elementor-element-smp119y\" data-id=\"smp119y\" data-element_type=\"column\">\n\t\t\t<div class=\"elementor-widget-wrap elementor-element-populated\">\n\t\t\t\t\t\t<div class=\"elementor-element elementor-element-clqat9n elementor-widget elementor-widget-image\" data-id=\"clqat9n\" data-element_type=\"widget\" data-widget_type=\"image.default\">\n\t\t\t\t<div class=\"elementor-widget-container\">\n\t\t\t\t\t\t\t\t\t\t\t\t\t\t\t<img fetchpriority=\"high\" decoding=\"async\" width=\"500\" height=\"500\" src=\"https:\/\/fonemcor.com\/wp-content\/uploads\/2019\/08\/foto_ahorro.jpg\" class=\"attachment-large size-large wp-image-415\" alt=\"\" srcset=\"https:\/\/fonemcor.com\/wp-content\/uploads\/2019\/08\/foto_ahorro.jpg 500w, https:\/\/fonemcor.com\/wp-content\/uploads\/2019\/08\/foto_ahorro-150x150.jpg 150w, https:\/\/fonemcor.com\/wp-content\/uploads\/2019\/08\/foto_ahorro-300x300.jpg 300w\" sizes=\"(max-width: 500px) 100vw, 500px\" \/>\t\t\t\t\t\t\t\t\t\t\t\t\t\t\t<\/div>\n\t\t\t\t<\/div>\n\t\t\t\t<div class=\"elementor-element elementor-element-ran0r36 elementor-widget__width-initial elementor-widget elementor-widget-image-box\" data-id=\"ran0r36\" data-element_type=\"widget\" data-widget_type=\"image-box.default\">\n\t\t\t\t<div class=\"elementor-widget-container\">\n\t\t\t\t\t<div class=\"elementor-image-box-wrapper\"><div class=\"elementor-image-box-content\"><h2 class=\"elementor-image-box-title\">Misi\u00f3n<\/h2><p class=\"elementor-image-box-description\">Promover el desarrollo integral, proteger el ingreso econ\u00f3mico y fomentar el ahorro de sus asociados, impulsando la solidaridad, la ayuda mutua, el esfuerzo propio y los principios cooperativos.<\/p><\/div><\/div>\t\t\t\t<\/div>\n\t\t\t\t<\/div>\n\t\t\t\t\t<\/div>\n\t\t<\/div>\n\t\t\t\t<div class=\"elementor-column elementor-col-33 elementor-inner-column elementor-element elementor-element-yle78rf\" data-id=\"yle78rf\" data-element_type=\"column\">\n\t\t\t<div class=\"elementor-widget-wrap elementor-element-populated\">\n\t\t\t\t\t\t<div class=\"elementor-element elementor-element-8fcl0x0 elementor-widget elementor-widget-image\" data-id=\"8fcl0x0\" data-element_type=\"widget\" data-widget_type=\"image.default\">\n\t\t\t\t<div class=\"elementor-widget-container\">\n\t\t\t\t\t\t\t\t\t\t\t\t\t\t\t<img decoding=\"async\" width=\"500\" height=\"500\" src=\"https:\/\/fonemcor.com\/wp-content\/uploads\/2019\/08\/foto_familia.jpg\" class=\"attachment-large size-large wp-image-417\" alt=\"\" srcset=\"https:\/\/fonemcor.com\/wp-content\/uploads\/2019\/08\/foto_familia.jpg 500w, https:\/\/fonemcor.com\/wp-content\/uploads\/2019\/08\/foto_familia-150x150.jpg 150w, https:\/\/fonemcor.com\/wp-content\/uploads\/2019\/08\/foto_familia-300x300.jpg 300w\" sizes=\"(max-width: 500px) 100vw, 500px\" \/>\t\t\t\t\t\t\t\t\t\t\t\t\t\t\t<\/div>\n\t\t\t\t<\/div>\n\t\t\t\t<div class=\"elementor-element elementor-element-eouhrpw elementor-widget__width-initial elementor-widget elementor-widget-image-box\" data-id=\"eouhrpw\" data-element_type=\"widget\" data-widget_type=\"image-box.default\">\n\t\t\t\t<div class=\"elementor-widget-container\">\n\t\t\t\t\t<div class=\"elementor-image-box-wrapper\"><div class=\"elementor-image-box-content\"><h3 class=\"elementor-image-box-title\">Visi\u00f3n<\/h3><p class=\"elementor-image-box-description\">Fonemcor ser\u00e1 una entidad solidaria, comprometida con la b\u00fasqueda de un crecimiento permanente, para ofrecer a sus asociados servicios eficientes que le permitan mejorar su calidad de vida, tanto en los aspectos econ\u00f3micos, como en los sociales y culturales.<\/p><\/div><\/div>\t\t\t\t<\/div>\n\t\t\t\t<\/div>\n\t\t\t\t\t<\/div>\n\t\t<\/div>\n\t\t\t\t<div class=\"elementor-column elementor-col-33 elementor-inner-column elementor-element elementor-element-bexz79u\" data-id=\"bexz79u\" data-element_type=\"column\">\n\t\t\t<div class=\"elementor-widget-wrap elementor-element-populated\">\n\t\t\t\t\t\t<div class=\"elementor-element elementor-element-3txuys9 elementor-widget elementor-widget-image\" data-id=\"3txuys9\" data-element_type=\"widget\" data-widget_type=\"image.default\">\n\t\t\t\t<div class=\"elementor-widget-container\">\n\t\t\t\t\t\t\t\t\t\t\t\t\t\t\t<img decoding=\"async\" width=\"500\" height=\"500\" src=\"https:\/\/fonemcor.com\/wp-content\/uploads\/2019\/08\/imagen_solidaridad.jpg\" class=\"attachment-large size-large wp-image-413\" alt=\"\" srcset=\"https:\/\/fonemcor.com\/wp-content\/uploads\/2019\/08\/imagen_solidaridad.jpg 500w, https:\/\/fonemcor.com\/wp-content\/uploads\/2019\/08\/imagen_solidaridad-150x150.jpg 150w, https:\/\/fonemcor.com\/wp-content\/uploads\/2019\/08\/imagen_solidaridad-300x300.jpg 300w\" sizes=\"(max-width: 500px) 100vw, 500px\" \/>\t\t\t\t\t\t\t\t\t\t\t\t\t\t\t<\/div>\n\t\t\t\t<\/div>\n\t\t\t\t<div class=\"elementor-element elementor-element-pxebg5q elementor-widget__width-initial elementor-widget elementor-widget-image-box\" data-id=\"pxebg5q\" data-element_type=\"widget\" data-widget_type=\"image-box.default\">\n\t\t\t\t<div class=\"elementor-widget-container\">\n\t\t\t\t\t<div class=\"elementor-image-box-wrapper\"><div class=\"elementor-image-box-content\"><h2 class=\"elementor-image-box-title\">Valores<\/h2><p class=\"elementor-image-box-description\">Compromiso - Solidaridad - Respeto - Equidad - Transparencia - Responsabilidad<\/p><\/div><\/div>\t\t\t\t<\/div>\n\t\t\t\t<\/div>\n\t\t\t\t\t<\/div>\n\t\t<\/div>\n\t\t\t\t\t<\/div>\n\t\t<\/section>\n\t\t\t\t\t<\/div>\n\t\t<\/div>\n\t\t\t\t\t<\/div>\n\t\t<\/section>\n\t\t\t\t<\/div>\n\t\t","protected":false},"excerpt":{"rendered":"<p>Sobre FONEMCOR HISTORIA El Fondo de Empleados de la Corporaci\u00f3n Aut\u00f3noma Regional del Tolima, Fonemcor, fue constituido mediante acta de reuni\u00f3n del 15 de enero de 1986 y reconocido por el Departamento Administrativo Nacional de Cooperativas \u2013 Dancoop, seg\u00fan resoluci\u00f3n No. 1095 del a 1 de julio del mismo a\u00f1o, en la ciudad de Ibagu\u00e9. [&hellip;]<\/p>\n","protected":false},"author":1,"featured_media":0,"parent":0,"menu_order":0,"comment_status":"closed","ping_status":"closed","template":"","meta":{"site-sidebar-layout":"no-sidebar","site-content-layout":"page-builder","ast-site-content-layout":"default","site-content-style":"default","site-sidebar-style":"default","ast-global-header-display":"","ast-banner-title-visibility":"","ast-main-header-display":"","ast-hfb-above-header-display":"","ast-hfb-below-header-display":"","ast-hfb-mobile-header-display":"","site-post-title":"disabled","ast-breadcrumbs-content":"","ast-featured-img":"disabled","footer-sml-layout":"","theme-transparent-header-meta":"default","adv-header-id-meta":"","stick-header-meta":"","header-above-stick-meta":"","header-main-stick-meta":"","header-below-stick-meta":"","astra-migrate-meta-layouts":"default","ast-page-background-enabled":"default","ast-page-background-meta":{"desktop":{"background-color":"","background-image":"","background-repeat":"repeat","background-position":"center center","background-size":"auto","background-attachment":"scroll","background-type":"","background-media":"","overlay-type":"","overlay-color":"","overlay-opacity":"","overlay-gradient":""},"tablet":{"background-color":"","background-image":"","background-repeat":"repeat","background-position":"center center","background-size":"auto","background-attachment":"scroll","background-type":"","background-media":"","overlay-type":"","overlay-color":"","overlay-opacity":"","overlay-gradient":""},"mobile":{"background-color":"","background-image":"","background-repeat":"repeat","background-position":"center center","background-size":"auto","background-attachment":"scroll","background-type":"","background-media":"","overlay-type":"","overlay-color":"","overlay-opacity":"","overlay-gradient":""}},"ast-content-background-meta":{"desktop":{"background-color":"var(--ast-global-color-5)","background-image":"","background-repeat":"repeat","background-position":"center center","background-size":"auto","background-attachment":"scroll","background-type":"","background-media":"","overlay-type":"","overlay-color":"","overlay-opacity":"","overlay-gradient":""},"tablet":{"background-color":"var(--ast-global-color-5)","background-image":"","background-repeat":"repeat","background-position":"center center","background-size":"auto","background-attachment":"scroll","background-type":"","background-media":"","overlay-type":"","overlay-color":"","overlay-opacity":"","overlay-gradient":""},"mobile":{"background-color":"var(--ast-global-color-5)","background-image":"","background-repeat":"repeat","background-position":"center center","background-size":"auto","background-attachment":"scroll","background-type":"","background-media":"","overlay-type":"","overlay-color":"","overlay-opacity":"","overlay-gradient":""}},"footnotes":""},"class_list":["post-325","page","type-page","status-publish","hentry"],"_links":{"self":[{"href":"https:\/\/fonemcor.com\/index.php\/wp-json\/wp\/v2\/pages\/325","targetHints":{"allow":["GET"]}}],"collection":[{"href":"https:\/\/fonemcor.com\/index.php\/wp-json\/wp\/v2\/pages"}],"about":[{"href":"https:\/\/fonemcor.com\/index.php\/wp-json\/wp\/v2\/types\/page"}],"author":[{"embeddable":true,"href":"https:\/\/fonemcor.com\/index.php\/wp-json\/wp\/v2\/users\/1"}],"replies":[{"embeddable":true,"href":"https:\/\/fonemcor.com\/index.php\/wp-json\/wp\/v2\/comments?post=325"}],"version-history":[{"count":23,"href":"https:\/\/fonemcor.com\/index.php\/wp-json\/wp\/v2\/pages\/325\/revisions"}],"predecessor-version":[{"id":784,"href":"https:\/\/fonemcor.com\/index.php\/wp-json\/wp\/v2\/pages\/325\/revisions\/784"}],"wp:attachment":[{"href":"https:\/\/fonemcor.com\/index.php\/wp-json\/wp\/v2\/media?parent=325"}],"curies":[{"name":"wp","href":"https:\/\/api.w.org\/{rel}","templated":true}]}}